{"id":97469,"date":"2018-12-10T22:51:45","date_gmt":"2018-12-10T21:51:45","guid":{"rendered":"https:\/\/cyclingpro.net\/velopro\/?page_id=97469"},"modified":"2018-12-11T00:08:59","modified_gmt":"2018-12-10T23:08:59","slug":"rcs-sport","status":"publish","type":"page","link":"https:\/\/cyclingpro.net\/velopro\/rcs-sport\/","title":{"rendered":"RCS Sport"},"content":{"rendered":"<p>RCS Sport est une soci\u00e9t\u00e9 italienne organisant notamment le Tour d&rsquo;Italie, Milan-Sanremo, le Tour de Lombardie&#8230; Hors ASO (<a href=\"https:\/\/cyclingpro.net\/velopro\/liste-des-courses-aso\/\">voir ici<\/a>), RCS est la seule compagnie \u00e0 regrouper plusieurs grandes courses internationales d&rsquo;un jour et par \u00e9tapes. Surtout, elle poss\u00e8de le seul Grand Tour qui n&rsquo;est pas d\u00e9tenu par ASO. Tout comme ce dernier, RCS s&rsquo;offre parfois comme prestataire d&rsquo;organisation. Dans ce cadre la soci\u00e9t\u00e9 italienne a notamment organis\u00e9 le Dubai Tour et le Tour d&rsquo;Abu Dhabi mais en 2019 ces deux courses ont fusionn\u00e9 (UAE Tour).<\/p>\n<p>RCS Sport est une filiale de RCS MediaGroup, qui d\u00e9tient notamment La Gazzetta dello Sport et\u00a0Il Corriere della Sera. RCS Sport a aussi des implications dans d&rsquo;autres sports mais pas en tant qu&rsquo;organisateur \u00e0 proprement parler. Par ailleurs, contrairement \u00e0 ASO, RCS soustraite la revente des droits t\u00e9l\u00e9visuels \u00e0 l&rsquo;\u00e9tranger au g\u00e9ant du marketing sportif IMG. En 2018, RCS a fait du Giro le premier Grand Tour \u00e0 s&rsquo;exporter hors d&rsquo;Europe en organisant le grand d\u00e9part d&rsquo;Isra\u00ebl. Par contre RCS n&rsquo;est pas l&rsquo;organisateur du Tour d&rsquo;Italie f\u00e9minin (aussi d\u00e9sign\u00e9 Giro Rosa) et du Tour d&rsquo;Italie Espoirs (aussi d\u00e9sign\u00e9 Baby Giro).<\/p>\n<p>En Italie, sur toutes les \u00e9preuves le service radiotour est assur\u00e9 par la F\u00e9d\u00e9ration italienne (FCI). Or pour ce service, c&rsquo;est RCS qui fournit le v\u00e9hicule qui est utilis\u00e9 en course par le service radio de la FCI afin d&rsquo;\u00eatre certain que sur les \u00e9preuves RCS et notamment le Giro, la voiture corresponde aux mod\u00e8les utilis\u00e9s par l&rsquo;organisation (actuellement Alfa Romeo) et aux couleurs. Le v\u00e9hicule est d&rsquo;ailleurs d\u00e9cor\u00e9 toute l&rsquo;ann\u00e9e aux couleurs du Giro, ce qui explique pourquoi dans toutes les courses italiennes, m\u00eame hors RCS, il y a toujours une voiture identifi\u00e9e Giro d&rsquo;Italia dans la colonne course.<\/p>\n<h4><strong>Liste des \u00e9preuves cyclistes RCS :<\/strong><\/h4>\n<ul>\n<li><a href=\"https:\/\/cyclingpro.net\/velopro\/category\/course\/uae-tour\/\">UAE Tour<\/a> (prestation d&rsquo;organisation)<\/li>\n<li><a href=\"https:\/\/cyclingpro.net\/velopro\/category\/course\/strade-bianche\/\">Strade Bianche<\/a><\/li>\n<li>Strade Bianche Femmes<\/li>\n<li><a href=\"https:\/\/cyclingpro.net\/velopro\/category\/course\/tirreno-adriatico\/\">Tirreno Adriatico<\/a><\/li>\n<li><a href=\"https:\/\/cyclingpro.net\/velopro\/category\/course\/milano-sanremo\/\">Milan-Sanremo<\/a><\/li>\n<li><a href=\"https:\/\/cyclingpro.net\/velopro\/category\/course\/giro-ditalia\/\">Tour d&rsquo;Italie\/Giro d&rsquo;Italia<\/a><\/li>\n<li><a href=\"https:\/\/cyclingpro.net\/velopro\/category\/course\/milano-torino\/\">Milan-Turin<\/a><\/li>\n<li><a href=\"https:\/\/cyclingpro.net\/velopro\/category\/course\/il-piemonte\/\">Tour du Pi\u00e9mont<\/a><\/li>\n<li><a href=\"https:\/\/cyclingpro.net\/velopro\/category\/course\/paris-tours\/\">Tour de Lombardie<\/a><\/li>\n<\/ul>\n","protected":false},"excerpt":{"rendered":"<p>RCS Sport est une soci\u00e9t\u00e9 italienne organisant notamment le Tour d&rsquo;Italie, Milan-Sanremo, le Tour de Lombardie&#8230; Hors ASO (voir ici), RCS est la seule compagnie \u00e0 regrouper plusieurs grandes courses internationales d&rsquo;un jour et par \u00e9tapes. Surtout, elle poss\u00e8de le seul Grand Tour qui n&rsquo;est pas d\u00e9tenu par ASO. Tout comme ce dernier, RCS s&rsquo;offre &hellip;<\/p>\n","protected":false},"author":4,"featured_media":0,"parent":0,"menu_order":0,"comment_status":"closed","ping_status":"closed","template":"","meta":{"footnotes":""},"class_list":["post-97469","page","type-page","status-publish","hentry"],"_links":{"self":[{"href":"https:\/\/cyclingpro.net\/velopro\/wp-json\/wp\/v2\/pages\/97469","targetHints":{"allow":["GET"]}}],"collection":[{"href":"https:\/\/cyclingpro.net\/velopro\/wp-json\/wp\/v2\/pages"}],"about":[{"href":"https:\/\/cyclingpro.net\/velopro\/wp-json\/wp\/v2\/types\/page"}],"author":[{"embeddable":true,"href":"https:\/\/cyclingpro.net\/velopro\/wp-json\/wp\/v2\/users\/4"}],"replies":[{"embeddable":true,"href":"https:\/\/cyclingpro.net\/velopro\/wp-json\/wp\/v2\/comments?post=97469"}],"version-history":[{"count":0,"href":"https:\/\/cyclingpro.net\/velopro\/wp-json\/wp\/v2\/pages\/97469\/revisions"}],"wp:attachment":[{"href":"https:\/\/cyclingpro.net\/velopro\/wp-json\/wp\/v2\/media?parent=97469"}],"curies":[{"name":"wp","href":"https:\/\/api.w.org\/{rel}","templated":true}]}}