{"id":97463,"date":"2018-12-10T22:25:37","date_gmt":"2018-12-10T21:25:37","guid":{"rendered":"https:\/\/cyclingpro.net\/velopro\/?page_id=97463"},"modified":"2018-12-11T00:04:23","modified_gmt":"2018-12-10T23:04:23","slug":"amaury-sport-organisation","status":"publish","type":"page","link":"https:\/\/cyclingpro.net\/velopro\/amaury-sport-organisation\/","title":{"rendered":"Amaury Sport Organisation (ASO)"},"content":{"rendered":"<p>Amaury Sport Organisation est une soci\u00e9t\u00e9 fran\u00e7aise qui poss\u00e8de et organise notamment le Tour de France, Paris-Roubaix, Li\u00e8ge-Bastogne-Li\u00e8ge&#8230; ASO a aussi rachet\u00e9 au fil des ann\u00e9es Unipublic, l&rsquo;organisateur de La Vuelta, et l&rsquo;organisateur du Grand Prix de Francfort (aujourd&rsquo;hui Eschborn-Francfort). Ces deux organisations sont donc d\u00e9sormais des filiales d&rsquo;ASO mais leurs courses rentrent dans le patrimoine de l&rsquo;organisateur fran\u00e7ais. Ce dernier intervient aussi parfois en tant que prestataire d&rsquo;organisation sur des \u00e9preuves dont il n&rsquo;est pas propri\u00e9taire mais qu&rsquo;il peut parfois, dans les faits, organiser de A \u00e0 Z. Il arrive aussi, pour des \u00e9v\u00e9nements particuliers, que, sans \u00eatre officiellement associ\u00e9 \u00e0 l&rsquo;organisation d&rsquo;une \u00e9preuve, ASO g\u00e8re une grande partie de l&rsquo;organisation comme \u00e7a a \u00e9t\u00e9 le cas pour les Championnats du Monde de Doha au Qatar en 2016 ou comme \u00e7a sera le cas pour les Championnats du Monde du Yorkshire en 2019. Enfin, ASO intervient parfois uniquement sur des comp\u00e9tences sp\u00e9cialis\u00e9es comme la production TV (Tour de Catalogne), la distribution des droits (Tour Down Under, Tour de Catalogne) ou les relations presses (Tour de Turquie). Par ailleurs, la soci\u00e9t\u00e9 fran\u00e7aise est aussi propri\u00e9taire et organisateur de grands \u00e9v\u00e9nements dans d&rsquo;autres sports comme le Dakar ou le Marathon de Paris&#8230; sans parler de nombreuses \u00e9preuves cyclo-sportives\/touristes, dont L&rsquo;Etape du Tour, la s\u00e9rie des Challenges (Paris-Nice, Paris-Roubaix, Li\u00e8ge-Bastogne-Li\u00e8ge), Explore Corsica ou encore la s\u00e9rie mondiale des \u00ab\u00a0L&rsquo;Etape by Le Tour de France\u00a0\u00bb.<\/p>\n<p>ASO appartient au groupe Amaury qui poss\u00e8de notamment le journal L&rsquo;Equipe. Avec sa filiale Unipublic, ASO d\u00e9tient deux des trois Grands Tours du calendrier mondial, ainsi que deux des cinq classiques Monuments et deux des sept grandes courses \u00e0 \u00e9tapes d&rsquo;une semaine.<\/p>\n<h4><strong>Liste des \u00e9preuves cyclistes ASO :<\/strong><\/h4>\n<ul>\n<li><a href=\"https:\/\/cyclingpro.net\/velopro\/category\/course\/tour-of-oman\/\">Tour d&rsquo;Oman<\/a> (prestation d&rsquo;organisation)<\/li>\n<li><a href=\"https:\/\/cyclingpro.net\/velopro\/category\/course\/paris-nice\/\">Paris-Nice<\/a><\/li>\n<li><a href=\"https:\/\/cyclingpro.net\/velopro\/category\/course\/paris-roubaix\/\">Paris-Roubaix<\/a><\/li>\n<li><a href=\"https:\/\/cyclingpro.net\/velopro\/category\/course\/fleche-wallonne\/\">La Fl\u00e8che Wallonne<\/a><\/li>\n<li>La Fl\u00e8che Wallonne Femmes<\/li>\n<li><a href=\"https:\/\/cyclingpro.net\/velopro\/category\/course\/liege-bastogne-liege\/\">Li\u00e8ge-Bastogne-Li\u00e8ge<\/a><\/li>\n<li>Li\u00e8ge-Bastogne-Li\u00e8ge Femmes<\/li>\n<li><a href=\"https:\/\/cyclingpro.net\/velopro\/category\/course\/eschborn-francfurt\/\">Eschborn-Francfort<\/a> (via sa filiale Gesellschaft zur F\u00f6rderung des Radsports)<\/li>\n<li><a href=\"https:\/\/cyclingpro.net\/velopro\/category\/course\/tour-de-yorkshire\/\">Tour de Yorkshire<\/a> (prestation d&rsquo;organisation)<\/li>\n<li>Tour de Yorkshire Femmes (prestation d&rsquo;organisation)<\/li>\n<li><a href=\"https:\/\/cyclingpro.net\/velopro\/category\/course\/tour-of-california\/\">Tour de Californie<\/a> (prestation d&rsquo;organisation)<\/li>\n<li>Paris-Roubaix Espoirs (en soutien du V\u00e9lo-Club de Roubaix)<\/li>\n<li>Classique des Alpes Juniors (en soutien de l&rsquo;organisation du Rh\u00f4ne Alpes Is\u00e8re Tour)<\/li>\n<li><a href=\"https:\/\/cyclingpro.net\/velopro\/category\/course\/criterium-du-dauphine\/\">Crit\u00e9rium du Dauphin\u00e9<\/a><\/li>\n<li><a href=\"https:\/\/cyclingpro.net\/velopro\/category\/course\/tour-de-france\/\">Tour de France<\/a><\/li>\n<li>La Course by Le Tour de France<\/li>\n<li><a href=\"https:\/\/cyclingpro.net\/velopro\/category\/course\/arcticraceofnorway\/\">Arctic Race of Norway<\/a> (prestation d&rsquo;organisation)<\/li>\n<li><a href=\"https:\/\/cyclingpro.net\/velopro\/category\/course\/tour-de-lavenir\/\">Tour de l&rsquo;Avenir<\/a> (en soutien de Alpes V\u00e9lo)<\/li>\n<li><a href=\"https:\/\/cyclingpro.net\/velopro\/category\/course\/deutschland-tour\/\">Tour d&rsquo;Allemagne<\/a> (prestation d&rsquo;organisation)<\/li>\n<li><a href=\"https:\/\/cyclingpro.net\/velopro\/category\/course\/vuelta-a-espana\/\">Tour d&rsquo;Espagne \/ La Vuelta<\/a> (via sa filiale Unipublic)<\/li>\n<li>Madrid Challenge by La Vuelta (via sa filiale Unipublic)<\/li>\n<li><a href=\"https:\/\/cyclingpro.net\/velopro\/category\/course\/paris-tours\/\">Paris-Tours<\/a><\/li>\n<li>Saitama Crit\u00e9rium<\/li>\n<li>Shanghai Crit\u00e9rium<\/li>\n<\/ul>\n","protected":false},"excerpt":{"rendered":"<p>Amaury Sport Organisation est une soci\u00e9t\u00e9 fran\u00e7aise qui poss\u00e8de et organise notamment le Tour de France, Paris-Roubaix, Li\u00e8ge-Bastogne-Li\u00e8ge&#8230; ASO a aussi rachet\u00e9 au fil des ann\u00e9es Unipublic, l&rsquo;organisateur de La Vuelta, et l&rsquo;organisateur du Grand Prix de Francfort (aujourd&rsquo;hui Eschborn-Francfort). Ces deux organisations sont donc d\u00e9sormais des filiales d&rsquo;ASO mais leurs courses rentrent dans le &hellip;<\/p>\n","protected":false},"author":4,"featured_media":0,"parent":0,"menu_order":0,"comment_status":"closed","ping_status":"closed","template":"","meta":{"footnotes":""},"class_list":["post-97463","page","type-page","status-publish","hentry"],"_links":{"self":[{"href":"https:\/\/cyclingpro.net\/velopro\/wp-json\/wp\/v2\/pages\/97463","targetHints":{"allow":["GET"]}}],"collection":[{"href":"https:\/\/cyclingpro.net\/velopro\/wp-json\/wp\/v2\/pages"}],"about":[{"href":"https:\/\/cyclingpro.net\/velopro\/wp-json\/wp\/v2\/types\/page"}],"author":[{"embeddable":true,"href":"https:\/\/cyclingpro.net\/velopro\/wp-json\/wp\/v2\/users\/4"}],"replies":[{"embeddable":true,"href":"https:\/\/cyclingpro.net\/velopro\/wp-json\/wp\/v2\/comments?post=97463"}],"version-history":[{"count":0,"href":"https:\/\/cyclingpro.net\/velopro\/wp-json\/wp\/v2\/pages\/97463\/revisions"}],"wp:attachment":[{"href":"https:\/\/cyclingpro.net\/velopro\/wp-json\/wp\/v2\/media?parent=97463"}],"curies":[{"name":"wp","href":"https:\/\/api.w.org\/{rel}","templated":true}]}}